{"id":2653,"date":"2023-10-11T13:06:36","date_gmt":"2023-10-11T13:06:36","guid":{"rendered":"https:\/\/chazey.codeandcode.xyz\/terms-and-conditions\/"},"modified":"2023-11-03T06:56:19","modified_gmt":"2023-11-03T06:56:19","slug":"terms-and-conditions","status":"publish","type":"page","link":"https:\/\/chazey.codeandcode.xyz\/es\/terms-and-conditions\/","title":{"rendered":"Terms and Conditions"},"content":{"rendered":"<h1 class=\"entry-title\">T\u00e9rminos y condiciones<\/h1>\n<p>Bienvenido a nuestro sitio web. Si contin\u00faa navegando y utilizando este sitio web, acepta cumplir y estar obligado por los siguientes t\u00e9rminos y condiciones de uso, que junto con nuestra pol\u00edtica de privacidad rigen la relaci\u00f3n de \u00abSocios De Chazey\u00bb con usted en relaci\u00f3n con este sitio web. Si no est\u00e1 de acuerdo con alguna parte de estos t\u00e9rminos y condiciones, no utilice nuestro sitio web.<\/p>\n<p>El t\u00e9rmino \u2018Chazey Partners\u2019 o \u2018nosotros\u2019 o \u2018nosotros\u2019 se refiere al propietario del sitio web. El t\u00e9rmino \u00abusted\u00bb se refiere al usuario o espectador de nuestro sitio web.<\/p>\n<p>El uso de este sitio web est\u00e1 sujeto a las siguientes condiciones de uso:<\/p>\n<ul>\n<li>El contenido de las p\u00e1ginas de este sitio web es s\u00f3lo para su informaci\u00f3n general y uso. Est\u00e1 sujeto a cambios sin previo aviso.<\/li>\n<li>Ni nosotros ni ning\u00fan tercero proporcionamos ninguna garant\u00eda en cuanto a la exactitud, puntualidad, rendimiento, integridad o idoneidad de la informaci\u00f3n y los materiales encontrados u ofrecidos en este sitio web para cualquier prop\u00f3sito particular. Usted reconoce que dicha informaci\u00f3n y materiales pueden contener inexactitudes o errores y excluimos expresamente la responsabilidad por dichas inexactitudes o errores en la m\u00e1xima medida permitida por la ley.<\/li>\n<li>Su uso de cualquier informaci\u00f3n o material en este sitio web es completamente bajo su propio riesgo, por lo que no seremos responsables. Ser\u00e1 su propia responsabilidad asegurarse de que cualquier producto, servicio o informaci\u00f3n disponible a trav\u00e9s de este sitio web cumpla con sus requisitos espec\u00edficos.<\/li>\n<li>Este sitio web contiene material que es propiedad de nosotros o que tiene licencia para nosotros. Este material incluye, entre otros, el dise\u00f1o, el dise\u00f1o, el aspecto, la apariencia y los gr\u00e1ficos. La reproducci\u00f3n est\u00e1 prohibida excepto de acuerdo con el aviso de derechos de autor, que forma parte de estos t\u00e9rminos y condiciones.<\/li>\n<li>Todas las marcas registradas reproducidas en este sitio web, que no son propiedad del operador o que no tienen licencia para ello, se reconocen en el sitio web.<\/li>\n<li>El uso no autorizado de este sitio web puede dar lugar a una reclamaci\u00f3n por da\u00f1os y perjuicios y\/o ser un delito penal.<\/li>\n<li>De vez en cuando, este sitio web tambi\u00e9n puede incluir enlaces a otros sitios web. Estos enlaces se proporcionan para su comodidad para proporcionar m\u00e1s informaci\u00f3n. No significa que respaldemos los sitios web. No tenemos ninguna responsabilidad por el contenido de los sitios web enlazados.<\/li>\n<li>Su uso de este sitio web y cualquier disputa que surja de dicho uso del sitio web est\u00e1 sujeto a las leyes de Inglaterra, Irlanda del Norte, Escocia y Gales.<\/li>\n<\/ul>\n","protected":false},"excerpt":{"rendered":"<p>T\u00e9rminos y condiciones Bienvenido a nuestro sitio web. Si contin\u00faa navegando y utilizando este sitio web, acepta cumplir y estar obligado por los siguientes t\u00e9rminos y condiciones de uso, que junto con nuestra pol\u00edtica de privacidad rigen la relaci\u00f3n de \u00abSocios De Chazey\u00bb con usted en relaci\u00f3n con este sitio web. Si no est\u00e1 de &hellip; <a href=\"https:\/\/chazey.codeandcode.xyz\/es\/terms-and-conditions\/\" class=\"more-link\">Sigue leyendo <span class=\"screen-reader-text\">Terms and Conditions<\/span><\/a><\/p>\n","protected":false},"author":1,"featured_media":0,"parent":0,"menu_order":0,"comment_status":"closed","ping_status":"open","template":"page-templates\/page-privacy-policy.php","meta":{"footnotes":""},"class_list":["post-2653","page","type-page","status-publish","hentry"],"acf":[],"_links":{"self":[{"href":"https:\/\/chazey.codeandcode.xyz\/es\/wp-json\/wp\/v2\/pages\/2653","targetHints":{"allow":["GET"]}}],"collection":[{"href":"https:\/\/chazey.codeandcode.xyz\/es\/wp-json\/wp\/v2\/pages"}],"about":[{"href":"https:\/\/chazey.codeandcode.xyz\/es\/wp-json\/wp\/v2\/types\/page"}],"author":[{"embeddable":true,"href":"https:\/\/chazey.codeandcode.xyz\/es\/wp-json\/wp\/v2\/users\/1"}],"replies":[{"embeddable":true,"href":"https:\/\/chazey.codeandcode.xyz\/es\/wp-json\/wp\/v2\/comments?post=2653"}],"version-history":[{"count":3,"href":"https:\/\/chazey.codeandcode.xyz\/es\/wp-json\/wp\/v2\/pages\/2653\/revisions"}],"predecessor-version":[{"id":3725,"href":"https:\/\/chazey.codeandcode.xyz\/es\/wp-json\/wp\/v2\/pages\/2653\/revisions\/3725"}],"wp:attachment":[{"href":"https:\/\/chazey.codeandcode.xyz\/es\/wp-json\/wp\/v2\/media?parent=2653"}],"curies":[{"name":"wp","href":"https:\/\/api.w.org\/{rel}","templated":true}]}}