{"id":3756,"date":"2023-10-31T05:30:06","date_gmt":"2023-10-31T05:30:06","guid":{"rendered":"https:\/\/chazey.codeandcode.xyz\/?page_id=3756"},"modified":"2023-11-06T13:43:19","modified_gmt":"2023-11-06T13:43:19","slug":"sector-publico","status":"publish","type":"page","link":"https:\/\/chazey.codeandcode.xyz\/es\/sector-publico\/","title":{"rendered":"Sector p\u00fablico"},"content":{"rendered":"<p>Con el fin de encontrar eficiencias y mejorar los servicios, las organizaciones del sector p\u00fablico se esfuerzan por la excelencia operativa mediante la transformaci\u00f3n de las operaciones de back office y la adopci\u00f3n de los servicios compartidos para controlar el gasto y mantener al mismo tiempo los servicios de \u00abl\u00ednea frontal\u00bb.<\/p>\n<p>Aunque hay algunos desaf\u00edos \u00fanicos para las agencias del sector p\u00fablico, los objetivos son muy similares a cualquier otra transformaci\u00f3n organizacional o implementaci\u00f3n de servicios compartidos en el sector privado. Al centrarse en gastar menos en actividades que no apoyan la misi\u00f3n principal, impulsar eficiencias y ahorros de costos a trav\u00e9s de econom\u00edas de escala, y mejorar la escalabilidad de los sistemas, las organizaciones est\u00e1n logrando la excelencia operativa y ganando competitividad Ventajas.<\/p>\n<p>Chazey Partners ha colaborado con numerosas organizaciones del sector p\u00fablico para lograr una mayor eficiencia y apoyar la prestaci\u00f3n de un mejor servicio con menos inversi\u00f3n. El tipo de participaci\u00f3n ha variado mucho en el alcance, pero en general ha abarcado todo, desde evaluaciones \u00abtal cual\u00bb, hasta el desarrollo y presentaci\u00f3n de planes de negocio, el cambio de estrategias de gesti\u00f3n y comunicaci\u00f3n, las implementaciones, la mejora de las Eficacia.<\/p>\n<p>Nuestra consulta para las organizaciones del sector p\u00fablico incluye, pero no se limitan a:<\/p>\n<ul>\n<li>Transformaci\u00f3n empresarial<\/li>\n<li>Optimizaci\u00f3n de procesos<\/li>\n<li>Servicios compartidos<\/li>\n<li>Evaluaci\u00f3n de outsourcing<\/li>\n<li>Habilitaci\u00f3n de la tecnolog\u00eda<\/li>\n<li>Planificaci\u00f3n de la continuidad del negocio<\/li>\n<li>Gesti\u00f3n de Cambios<\/li>\n<\/ul>\n","protected":false},"excerpt":{"rendered":"<p>Con el fin de encontrar eficiencias y mejorar los servicios, las organizaciones del sector p\u00fablico se esfuerzan por la excelencia operativa mediante la transformaci\u00f3n de las operaciones de back office y la adopci\u00f3n de los servicios compartidos para controlar el gasto y mantener al mismo tiempo los servicios de \u00abl\u00ednea frontal\u00bb. Aunque hay algunos desaf\u00edos &hellip; <a href=\"https:\/\/chazey.codeandcode.xyz\/es\/sector-publico\/\" class=\"more-link\">Sigue leyendo <span class=\"screen-reader-text\">Sector p\u00fablico<\/span><\/a><\/p>\n","protected":false},"author":1,"featured_media":0,"parent":0,"menu_order":0,"comment_status":"closed","ping_status":"closed","template":"page-templates\/page-generative-ai.php","meta":{"footnotes":""},"class_list":["post-3756","page","type-page","status-publish","hentry"],"acf":[],"_links":{"self":[{"href":"https:\/\/chazey.codeandcode.xyz\/es\/wp-json\/wp\/v2\/pages\/3756","targetHints":{"allow":["GET"]}}],"collection":[{"href":"https:\/\/chazey.codeandcode.xyz\/es\/wp-json\/wp\/v2\/pages"}],"about":[{"href":"https:\/\/chazey.codeandcode.xyz\/es\/wp-json\/wp\/v2\/types\/page"}],"author":[{"embeddable":true,"href":"https:\/\/chazey.codeandcode.xyz\/es\/wp-json\/wp\/v2\/users\/1"}],"replies":[{"embeddable":true,"href":"https:\/\/chazey.codeandcode.xyz\/es\/wp-json\/wp\/v2\/comments?post=3756"}],"version-history":[{"count":2,"href":"https:\/\/chazey.codeandcode.xyz\/es\/wp-json\/wp\/v2\/pages\/3756\/revisions"}],"predecessor-version":[{"id":4577,"href":"https:\/\/chazey.codeandcode.xyz\/es\/wp-json\/wp\/v2\/pages\/3756\/revisions\/4577"}],"wp:attachment":[{"href":"https:\/\/chazey.codeandcode.xyz\/es\/wp-json\/wp\/v2\/media?parent=3756"}],"curies":[{"name":"wp","href":"https:\/\/api.w.org\/{rel}","templated":true}]}}