{"id":2606,"date":"2023-10-11T09:17:26","date_gmt":"2023-10-11T09:17:26","guid":{"rendered":"https:\/\/chazey.codeandcode.xyz\/business-transformation\/"},"modified":"2023-11-20T05:06:55","modified_gmt":"2023-11-20T05:06:55","slug":"transformacao-de-negocios","status":"publish","type":"page","link":"https:\/\/chazey.codeandcode.xyz\/pt-br\/transformacao-de-negocios\/","title":{"rendered":"TRANSFORMA\u00c7\u00c3O DE NEG\u00d3CIOS"},"content":{"rendered":"","protected":false},"excerpt":{"rendered":"","protected":false},"author":1,"featured_media":4707,"parent":0,"menu_order":0,"comment_status":"closed","ping_status":"closed","template":"page-templates\/page-service.php","meta":{"footnotes":""},"class_list":["post-2606","page","type-page","status-publish","has-post-thumbnail","hentry"],"acf":[],"_links":{"self":[{"href":"https:\/\/chazey.codeandcode.xyz\/pt-br\/wp-json\/wp\/v2\/pages\/2606","targetHints":{"allow":["GET"]}}],"collection":[{"href":"https:\/\/chazey.codeandcode.xyz\/pt-br\/wp-json\/wp\/v2\/pages"}],"about":[{"href":"https:\/\/chazey.codeandcode.xyz\/pt-br\/wp-json\/wp\/v2\/types\/page"}],"author":[{"embeddable":true,"href":"https:\/\/chazey.codeandcode.xyz\/pt-br\/wp-json\/wp\/v2\/users\/1"}],"replies":[{"embeddable":true,"href":"https:\/\/chazey.codeandcode.xyz\/pt-br\/wp-json\/wp\/v2\/comments?post=2606"}],"version-history":[{"count":18,"href":"https:\/\/chazey.codeandcode.xyz\/pt-br\/wp-json\/wp\/v2\/pages\/2606\/revisions"}],"predecessor-version":[{"id":6158,"href":"https:\/\/chazey.codeandcode.xyz\/pt-br\/wp-json\/wp\/v2\/pages\/2606\/revisions\/6158"}],"wp:featuredmedia":[{"embeddable":true,"href":"https:\/\/chazey.codeandcode.xyz\/pt-br\/wp-json\/wp\/v2\/media\/4707"}],"wp:attachment":[{"href":"https:\/\/chazey.codeandcode.xyz\/pt-br\/wp-json\/wp\/v2\/media?parent=2606"}],"curies":[{"name":"wp","href":"https:\/\/api.w.org\/{rel}","templated":true}]}}