{"id":2614,"date":"2023-10-11T09:33:02","date_gmt":"2023-10-11T09:33:02","guid":{"rendered":"https:\/\/chazey.codeandcode.xyz\/robotic-process-automation\/"},"modified":"2023-11-20T09:29:18","modified_gmt":"2023-11-20T09:29:18","slug":"automacao-de-processos-roboticos-rpa","status":"publish","type":"page","link":"https:\/\/chazey.codeandcode.xyz\/pt-br\/automacao-de-processos-roboticos-rpa\/","title":{"rendered":"Automa\u00e7\u00e3o de processos rob\u00f3ticos (RPA)"},"content":{"rendered":"","protected":false},"excerpt":{"rendered":"","protected":false},"author":1,"featured_media":0,"parent":0,"menu_order":0,"comment_status":"closed","ping_status":"closed","template":"page-templates\/page-service.php","meta":{"footnotes":""},"class_list":["post-2614","page","type-page","status-publish","hentry"],"acf":[],"_links":{"self":[{"href":"https:\/\/chazey.codeandcode.xyz\/pt-br\/wp-json\/wp\/v2\/pages\/2614","targetHints":{"allow":["GET"]}}],"collection":[{"href":"https:\/\/chazey.codeandcode.xyz\/pt-br\/wp-json\/wp\/v2\/pages"}],"about":[{"href":"https:\/\/chazey.codeandcode.xyz\/pt-br\/wp-json\/wp\/v2\/types\/page"}],"author":[{"embeddable":true,"href":"https:\/\/chazey.codeandcode.xyz\/pt-br\/wp-json\/wp\/v2\/users\/1"}],"replies":[{"embeddable":true,"href":"https:\/\/chazey.codeandcode.xyz\/pt-br\/wp-json\/wp\/v2\/comments?post=2614"}],"version-history":[{"count":23,"href":"https:\/\/chazey.codeandcode.xyz\/pt-br\/wp-json\/wp\/v2\/pages\/2614\/revisions"}],"predecessor-version":[{"id":6278,"href":"https:\/\/chazey.codeandcode.xyz\/pt-br\/wp-json\/wp\/v2\/pages\/2614\/revisions\/6278"}],"wp:attachment":[{"href":"https:\/\/chazey.codeandcode.xyz\/pt-br\/wp-json\/wp\/v2\/media?parent=2614"}],"curies":[{"name":"wp","href":"https:\/\/api.w.org\/{rel}","templated":true}]}}