{"id":2645,"date":"2023-10-11T13:10:15","date_gmt":"2023-10-11T13:10:15","guid":{"rendered":"https:\/\/chazey.codeandcode.xyz\/cookie-policy\/"},"modified":"2023-11-09T11:41:48","modified_gmt":"2023-11-09T11:41:48","slug":"cookie-policy","status":"publish","type":"page","link":"https:\/\/chazey.codeandcode.xyz\/pt-br\/cookie-policy\/","title":{"rendered":"Cookie Policy"},"content":{"rendered":"<h1>Pol\u00edtica de cookies<\/h1>\n<p>Este site usa cookies \u2013 pequenos arquivos de texto que s\u00e3o colocados em sua m\u00e1quina para ajudar o site a fornecer uma melhor experi\u00eancia do usu\u00e1rio. Em geral, os cookies s\u00e3o usados para reter as prefer\u00eancias do usu\u00e1rio e armazenar informa\u00e7\u00f5es. Eles podem fornecer dados de rastreamento de anonimato para aplicativos de terceiros, como o Google Analytics. Como regra geral, os cookies melhorar\u00e3o sua experi\u00eancia de navega\u00e7\u00e3o. No entanto, voc\u00ea pode preferir desativar cookies neste site e em outros. A maneira mais eficaz de fazer isso \u00e9 desativar cookies em seu navegador. Sugerimos consultar a se\u00e7\u00e3o Ajuda do seu navegador. Voc\u00ea tamb\u00e9m pode dar uma olhada no <a href=\"http:\/\/www.aboutcookies.org\">site Sobre Cookies,<\/a> que oferece orienta\u00e7\u00e3o para todos os navegadores modernos.<\/p>\n<p>\n","protected":false},"excerpt":{"rendered":"<p>Pol\u00edtica de cookies Este site usa cookies \u2013 pequenos arquivos de texto que s\u00e3o colocados em sua m\u00e1quina para ajudar o site a fornecer uma melhor experi\u00eancia do usu\u00e1rio. Em geral, os cookies s\u00e3o usados para reter as prefer\u00eancias do usu\u00e1rio e armazenar informa\u00e7\u00f5es. Eles podem fornecer dados de rastreamento de anonimato para aplicativos de &hellip; <a href=\"https:\/\/chazey.codeandcode.xyz\/pt-br\/cookie-policy\/\" class=\"more-link\">Continuar lendo <span class=\"screen-reader-text\">Cookie Policy<\/span><\/a><\/p>\n","protected":false},"author":1,"featured_media":0,"parent":0,"menu_order":0,"comment_status":"closed","ping_status":"open","template":"page-templates\/page-privacy-policy.php","meta":{"footnotes":""},"class_list":["post-2645","page","type-page","status-publish","hentry"],"acf":[],"_links":{"self":[{"href":"https:\/\/chazey.codeandcode.xyz\/pt-br\/wp-json\/wp\/v2\/pages\/2645","targetHints":{"allow":["GET"]}}],"collection":[{"href":"https:\/\/chazey.codeandcode.xyz\/pt-br\/wp-json\/wp\/v2\/pages"}],"about":[{"href":"https:\/\/chazey.codeandcode.xyz\/pt-br\/wp-json\/wp\/v2\/types\/page"}],"author":[{"embeddable":true,"href":"https:\/\/chazey.codeandcode.xyz\/pt-br\/wp-json\/wp\/v2\/users\/1"}],"replies":[{"embeddable":true,"href":"https:\/\/chazey.codeandcode.xyz\/pt-br\/wp-json\/wp\/v2\/comments?post=2645"}],"version-history":[{"count":8,"href":"https:\/\/chazey.codeandcode.xyz\/pt-br\/wp-json\/wp\/v2\/pages\/2645\/revisions"}],"predecessor-version":[{"id":5038,"href":"https:\/\/chazey.codeandcode.xyz\/pt-br\/wp-json\/wp\/v2\/pages\/2645\/revisions\/5038"}],"wp:attachment":[{"href":"https:\/\/chazey.codeandcode.xyz\/pt-br\/wp-json\/wp\/v2\/media?parent=2645"}],"curies":[{"name":"wp","href":"https:\/\/api.w.org\/{rel}","templated":true}]}}