{"id":2651,"date":"2023-10-11T13:06:36","date_gmt":"2023-10-11T13:06:36","guid":{"rendered":"https:\/\/chazey.codeandcode.xyz\/terms-and-conditions\/"},"modified":"2023-11-06T08:53:19","modified_gmt":"2023-11-06T08:53:19","slug":"terms-and-conditions","status":"publish","type":"page","link":"https:\/\/chazey.codeandcode.xyz\/pt-br\/terms-and-conditions\/","title":{"rendered":"Terms and Conditions"},"content":{"rendered":"<h1>Termos e Condi\u00e7\u00f5es<\/h1>\n<p>Bem-vindo ao nosso site. Se voc\u00ea continuar navegando e usando este site, voc\u00ea est\u00e1 concordando em cumprir e estar vinculado aos seguintes termos e condi\u00e7\u00f5es de uso, que juntamente com nossa pol\u00edtica de privacidade regem a rela\u00e7\u00e3o \u2018Chazey Partners\u2019 com voc\u00ea em rela\u00e7\u00e3o a este site. Se voc\u00ea n\u00e3o concorda com qualquer parte destes termos e condi\u00e7\u00f5es, por favor, n\u00e3o use o nosso site.<\/p>\n<p>O termo \u2018Chazey Partners\u2019 ou \u2018n\u00f3s\u2019 ou \u201cn\u00f3s\u201d refere-se ao propriet\u00e1rio do site. O termo \u2018voc\u00ea\u2019 refere-se ao usu\u00e1rio ou espectador do nosso site.<\/p>\n<p>O uso deste site est\u00e1 sujeito aos seguintes termos de uso:<\/p>\n<ul>\n<li>O conte\u00fado das p\u00e1ginas deste site \u00e9 apenas para suas informa\u00e7\u00f5es gerais e uso. Sujeito a altera\u00e7\u00e3o sem aviso pr\u00e9vio.<\/li>\n<li>Nem n\u00f3s nem terceiros fornecemos qualquer garantia ou garantia quanto \u00e0 exatid\u00e3o, pontualidade, desempenho, completude ou adequa\u00e7\u00e3o das informa\u00e7\u00f5es e materiais encontrados ou oferecidos neste site para qualquer finalidade espec\u00edfica. Voc\u00ea reconhece que tais informa\u00e7\u00f5es e materiais podem conter imprecis\u00f5es ou erros e exclu\u00edmos expressamente a responsabilidade por tais imprecis\u00f5es ou erros na medida do permitido por lei.<\/li>\n<li>O uso de qualquer informa\u00e7\u00e3o ou material neste site \u00e9 inteiramente por sua conta e risco, pelo qual n\u00e3o seremos respons\u00e1veis. Ser\u00e1 de sua responsabilidade garantir que quaisquer produtos, servi\u00e7os ou informa\u00e7\u00f5es dispon\u00edveis atrav\u00e9s deste site atendam aos seus requisitos espec\u00edficos.<\/li>\n<li>Este site cont\u00e9m material que \u00e9 de propriedade ou licenciado para n\u00f3s. Este material inclui, mas n\u00e3o se limita a, o design, layout, visual, apar\u00eancia e gr\u00e1ficos. \u00c9 proibida a reprodu\u00e7\u00e3o, de acordo com o aviso de direitos autorais, que faz parte destes termos e condi\u00e7\u00f5es.<\/li>\n<li>Todas as marcas comerciais reproduzidas neste site, que n\u00e3o s\u00e3o de propriedade ou licenciadas para o operador, s\u00e3o reconhecidas no site.<\/li>\n<li>O uso n\u00e3o autorizado deste site pode dar origem a uma reclama\u00e7\u00e3o por danos e\/ou ser um crime.<\/li>\n<li>De tempos em tempos, este site tamb\u00e9m pode incluir links para outros sites. Esses links s\u00e3o fornecidos para sua conveni\u00eancia para fornecer mais informa\u00e7\u00f5es. Eles n\u00e3o significam que endossamos o site(s). N\u00e3o temos responsabilidade pelo conte\u00fado do site vinculado.<\/li>\n<li>Seu uso deste site e qualquer disputa decorrente de tal uso do site est\u00e1 sujeito \u00e0s leis da Inglaterra, Irlanda do Norte, Esc\u00f3cia, Pa\u00eds de Gales e do resto do mundo.<\/li>\n<\/ul>\n","protected":false},"excerpt":{"rendered":"<p>Termos e Condi\u00e7\u00f5es Bem-vindo ao nosso site. Se voc\u00ea continuar navegando e usando este site, voc\u00ea est\u00e1 concordando em cumprir e estar vinculado aos seguintes termos e condi\u00e7\u00f5es de uso, que juntamente com nossa pol\u00edtica de privacidade regem a rela\u00e7\u00e3o \u2018Chazey Partners\u2019 com voc\u00ea em rela\u00e7\u00e3o a este site. Se voc\u00ea n\u00e3o concorda com qualquer &hellip; <a href=\"https:\/\/chazey.codeandcode.xyz\/pt-br\/terms-and-conditions\/\" class=\"more-link\">Continuar lendo <span class=\"screen-reader-text\">Terms and Conditions<\/span><\/a><\/p>\n","protected":false},"author":1,"featured_media":0,"parent":0,"menu_order":0,"comment_status":"closed","ping_status":"open","template":"page-templates\/page-privacy-policy.php","meta":{"footnotes":""},"class_list":["post-2651","page","type-page","status-publish","hentry"],"acf":[],"_links":{"self":[{"href":"https:\/\/chazey.codeandcode.xyz\/pt-br\/wp-json\/wp\/v2\/pages\/2651","targetHints":{"allow":["GET"]}}],"collection":[{"href":"https:\/\/chazey.codeandcode.xyz\/pt-br\/wp-json\/wp\/v2\/pages"}],"about":[{"href":"https:\/\/chazey.codeandcode.xyz\/pt-br\/wp-json\/wp\/v2\/types\/page"}],"author":[{"embeddable":true,"href":"https:\/\/chazey.codeandcode.xyz\/pt-br\/wp-json\/wp\/v2\/users\/1"}],"replies":[{"embeddable":true,"href":"https:\/\/chazey.codeandcode.xyz\/pt-br\/wp-json\/wp\/v2\/comments?post=2651"}],"version-history":[{"count":5,"href":"https:\/\/chazey.codeandcode.xyz\/pt-br\/wp-json\/wp\/v2\/pages\/2651\/revisions"}],"predecessor-version":[{"id":4268,"href":"https:\/\/chazey.codeandcode.xyz\/pt-br\/wp-json\/wp\/v2\/pages\/2651\/revisions\/4268"}],"wp:attachment":[{"href":"https:\/\/chazey.codeandcode.xyz\/pt-br\/wp-json\/wp\/v2\/media?parent=2651"}],"curies":[{"name":"wp","href":"https:\/\/api.w.org\/{rel}","templated":true}]}}