{"id":3206,"date":"2023-10-30T12:12:37","date_gmt":"2023-10-30T12:12:37","guid":{"rendered":"https:\/\/chazey.codeandcode.xyz\/latin-america\/"},"modified":"2023-11-20T15:10:03","modified_gmt":"2023-11-20T15:10:03","slug":"america-latina","status":"publish","type":"page","link":"https:\/\/chazey.codeandcode.xyz\/pt-br\/america-latina\/","title":{"rendered":"Am\u00e9rica Latina"},"content":{"rendered":"<p>A Chazey Partners atua na Am\u00e9rica Latina desde 2006. Nossos especialistas funcionais globais e locais, l\u00edderes de projetos e analistas de neg\u00f3cios utilizam ferramentas e metodologias testadas, abrangendo uma ampla gama de fun\u00e7\u00f5es de neg\u00f3cios. Isso nos permite avaliar sua organiza\u00e7\u00e3o e suas capacidades completamente. Desenvolvemos e lan\u00e7amos um projeto de transforma\u00e7\u00e3o pragm\u00e1tico e alcan\u00e7amos uma implementa\u00e7\u00e3o bem integrada.<\/p>\n","protected":false},"excerpt":{"rendered":"<p>A Chazey Partners atua na Am\u00e9rica Latina desde 2006. Nossos especialistas funcionais globais e locais, l\u00edderes de projetos e analistas de neg\u00f3cios utilizam ferramentas e metodologias testadas, abrangendo uma ampla gama de fun\u00e7\u00f5es de neg\u00f3cios. Isso nos permite avaliar sua organiza\u00e7\u00e3o e suas capacidades completamente. Desenvolvemos e lan\u00e7amos um projeto de transforma\u00e7\u00e3o pragm\u00e1tico e alcan\u00e7amos &hellip; <a href=\"https:\/\/chazey.codeandcode.xyz\/pt-br\/america-latina\/\" class=\"more-link\">Continuar lendo <span class=\"screen-reader-text\">Am\u00e9rica Latina<\/span><\/a><\/p>\n","protected":false},"author":1,"featured_media":5102,"parent":0,"menu_order":0,"comment_status":"closed","ping_status":"closed","template":"page-templates\/page-latin-america.php","meta":{"footnotes":""},"class_list":["post-3206","page","type-page","status-publish","has-post-thumbnail","hentry"],"acf":[],"_links":{"self":[{"href":"https:\/\/chazey.codeandcode.xyz\/pt-br\/wp-json\/wp\/v2\/pages\/3206","targetHints":{"allow":["GET"]}}],"collection":[{"href":"https:\/\/chazey.codeandcode.xyz\/pt-br\/wp-json\/wp\/v2\/pages"}],"about":[{"href":"https:\/\/chazey.codeandcode.xyz\/pt-br\/wp-json\/wp\/v2\/types\/page"}],"author":[{"embeddable":true,"href":"https:\/\/chazey.codeandcode.xyz\/pt-br\/wp-json\/wp\/v2\/users\/1"}],"replies":[{"embeddable":true,"href":"https:\/\/chazey.codeandcode.xyz\/pt-br\/wp-json\/wp\/v2\/comments?post=3206"}],"version-history":[{"count":7,"href":"https:\/\/chazey.codeandcode.xyz\/pt-br\/wp-json\/wp\/v2\/pages\/3206\/revisions"}],"predecessor-version":[{"id":6378,"href":"https:\/\/chazey.codeandcode.xyz\/pt-br\/wp-json\/wp\/v2\/pages\/3206\/revisions\/6378"}],"wp:featuredmedia":[{"embeddable":true,"href":"https:\/\/chazey.codeandcode.xyz\/pt-br\/wp-json\/wp\/v2\/media\/5102"}],"wp:attachment":[{"href":"https:\/\/chazey.codeandcode.xyz\/pt-br\/wp-json\/wp\/v2\/media?parent=3206"}],"curies":[{"name":"wp","href":"https:\/\/api.w.org\/{rel}","templated":true}]}}