{"id":3356,"date":"2023-10-30T07:17:22","date_gmt":"2023-10-30T07:17:22","guid":{"rendered":"https:\/\/chazey.codeandcode.xyz\/all-clients\/"},"modified":"2023-11-21T08:11:32","modified_gmt":"2023-11-21T08:11:32","slug":"todos-os-clientes","status":"publish","type":"page","link":"https:\/\/chazey.codeandcode.xyz\/pt-br\/todos-os-clientes\/","title":{"rendered":"Todos os clientes"},"content":{"rendered":"<p>Aqui na Chazey Partners orgulhamo-nos do trabalho que temos feito para os nossos clientes em ter constru\u00eddo, operado e girado em torno de algumas das solu\u00e7\u00f5es mais altamente elogiado do mundo e inovador. Tanto nos setores p\u00fablico quanto no p\u00fablico, incluindo a \u201ccorre\u00e7\u00e3o\u201d de opera\u00e7\u00f5es anteriormente com baixo desempenho.<\/p>\n<p>Nossa metodologia personalizada e centrada no cliente permite que nossos clientes em todo o mundo moldem estrat\u00e9gias atraentes para apoiar a agenda de neg\u00f3cios duplo de gera\u00e7\u00e3o de receita e racionaliza\u00e7\u00e3o de custos.<\/p>\n","protected":false},"excerpt":{"rendered":"<p>Aqui na Chazey Partners orgulhamo-nos do trabalho que temos feito para os nossos clientes em ter constru\u00eddo, operado e girado em torno de algumas das solu\u00e7\u00f5es mais altamente elogiado do mundo e inovador. Tanto nos setores p\u00fablico quanto no p\u00fablico, incluindo a \u201ccorre\u00e7\u00e3o\u201d de opera\u00e7\u00f5es anteriormente com baixo desempenho. Nossa metodologia personalizada e centrada no &hellip; <a href=\"https:\/\/chazey.codeandcode.xyz\/pt-br\/todos-os-clientes\/\" class=\"more-link\">Continuar lendo <span class=\"screen-reader-text\">Todos os clientes<\/span><\/a><\/p>\n","protected":false},"author":1,"featured_media":5122,"parent":0,"menu_order":0,"comment_status":"closed","ping_status":"closed","template":"page-templates\/page-clients.php","meta":{"footnotes":""},"class_list":["post-3356","page","type-page","status-publish","has-post-thumbnail","hentry"],"acf":[],"_links":{"self":[{"href":"https:\/\/chazey.codeandcode.xyz\/pt-br\/wp-json\/wp\/v2\/pages\/3356","targetHints":{"allow":["GET"]}}],"collection":[{"href":"https:\/\/chazey.codeandcode.xyz\/pt-br\/wp-json\/wp\/v2\/pages"}],"about":[{"href":"https:\/\/chazey.codeandcode.xyz\/pt-br\/wp-json\/wp\/v2\/types\/page"}],"author":[{"embeddable":true,"href":"https:\/\/chazey.codeandcode.xyz\/pt-br\/wp-json\/wp\/v2\/users\/1"}],"replies":[{"embeddable":true,"href":"https:\/\/chazey.codeandcode.xyz\/pt-br\/wp-json\/wp\/v2\/comments?post=3356"}],"version-history":[{"count":8,"href":"https:\/\/chazey.codeandcode.xyz\/pt-br\/wp-json\/wp\/v2\/pages\/3356\/revisions"}],"predecessor-version":[{"id":6348,"href":"https:\/\/chazey.codeandcode.xyz\/pt-br\/wp-json\/wp\/v2\/pages\/3356\/revisions\/6348"}],"wp:featuredmedia":[{"embeddable":true,"href":"https:\/\/chazey.codeandcode.xyz\/pt-br\/wp-json\/wp\/v2\/media\/5122"}],"wp:attachment":[{"href":"https:\/\/chazey.codeandcode.xyz\/pt-br\/wp-json\/wp\/v2\/media?parent=3356"}],"curies":[{"name":"wp","href":"https:\/\/api.w.org\/{rel}","templated":true}]}}