{"id":3761,"date":"2023-10-31T05:30:06","date_gmt":"2023-10-31T05:30:06","guid":{"rendered":"https:\/\/chazey.codeandcode.xyz\/?page_id=3761"},"modified":"2023-11-09T10:51:19","modified_gmt":"2023-11-09T10:51:19","slug":"setor-publico","status":"publish","type":"page","link":"https:\/\/chazey.codeandcode.xyz\/pt-br\/setor-publico\/","title":{"rendered":"Setor p\u00fablico"},"content":{"rendered":"<p>Para encontrar efici\u00eancias e melhorar os servi\u00e7os, as organiza\u00e7\u00f5es do setor p\u00fablico est\u00e3o se esfor\u00e7ando para a excel\u00eancia da opera\u00e7\u00e3o atrav\u00e9s da transforma\u00e7\u00e3o das opera\u00e7\u00f5es de back office e adotando servi\u00e7os compartilhados para controlar os gastos, mantendo servi\u00e7os de \u201clinha de frente\u201d.<\/p>\n<p>Embora existam alguns desafios \u00fanicos para os \u00f3rg\u00e3os do setor p\u00fablico, os objetivos s\u00e3o praticamente os mesmos que qualquer outra transforma\u00e7\u00e3o organizacional ou implementa\u00e7\u00e3o de Servi\u00e7os Compartilhados no setor privado. Ao se concentrar em gastar menos em atividades que n\u00e3o suportam a miss\u00e3o central, impulsionando efici\u00eancias e economiade custos atrav\u00e9s de economias de escala e melhorando a escalabilidade dos sistemas, as organiza\u00e7\u00f5es est\u00e3o alcan\u00e7ando a excel\u00eancia operacional e ganhando Vantagens.<\/p>\n<p>Chazey Partners tem colaborado com in\u00fameras organiza\u00e7\u00f5es do Setor P\u00fablico para trazer maior efici\u00eancia e apoiar a presta\u00e7\u00e3o de um melhor servi\u00e7o com menos investimento. O tipo de envolvimento tem variado muito no escopo, mas geralmente cobriu tudo, desde avalia\u00e7\u00f5es \u201ccomo est\u00e1\u201d, at\u00e9 o desenvolvimento e apresenta\u00e7\u00e3o de planos de neg\u00f3cios, para mudar estrat\u00e9gias de gest\u00e3o e comunica\u00e7\u00e3o, para implementa\u00e7\u00f5es, para melhorar Efic\u00e1cia.<\/p>\n<p>Nossa consulta para as organiza\u00e7\u00f5es do setor p\u00fablico inclui, mas n\u00e3o se limitam a:<\/p>\n<ul>\n<li>Transforma\u00e7\u00e3o de neg\u00f3cios<\/li>\n<li>Otimiza\u00e7\u00e3o de processos<\/li>\n<li>Servi\u00e7os compartilhados<\/li>\n<li>Avalia\u00e7\u00e3o de terceiriza\u00e7\u00e3o<\/li>\n<li>Habilita\u00e7\u00e3o de tecnologia<\/li>\n<li>Planejamento de continuidade de neg\u00f3cios<\/li>\n<li>Gest\u00e3o de mudan\u00e7as<\/li>\n<\/ul>\n","protected":false},"excerpt":{"rendered":"<p>Para encontrar efici\u00eancias e melhorar os servi\u00e7os, as organiza\u00e7\u00f5es do setor p\u00fablico est\u00e3o se esfor\u00e7ando para a excel\u00eancia da opera\u00e7\u00e3o atrav\u00e9s da transforma\u00e7\u00e3o das opera\u00e7\u00f5es de back office e adotando servi\u00e7os compartilhados para controlar os gastos, mantendo servi\u00e7os de \u201clinha de frente\u201d. Embora existam alguns desafios \u00fanicos para os \u00f3rg\u00e3os do setor p\u00fablico, os objetivos &hellip; <a href=\"https:\/\/chazey.codeandcode.xyz\/pt-br\/setor-publico\/\" class=\"more-link\">Continuar lendo <span class=\"screen-reader-text\">Setor p\u00fablico<\/span><\/a><\/p>\n","protected":false},"author":1,"featured_media":0,"parent":0,"menu_order":0,"comment_status":"closed","ping_status":"closed","template":"page-templates\/page-generative-ai.php","meta":{"footnotes":""},"class_list":["post-3761","page","type-page","status-publish","hentry"],"acf":[],"_links":{"self":[{"href":"https:\/\/chazey.codeandcode.xyz\/pt-br\/wp-json\/wp\/v2\/pages\/3761","targetHints":{"allow":["GET"]}}],"collection":[{"href":"https:\/\/chazey.codeandcode.xyz\/pt-br\/wp-json\/wp\/v2\/pages"}],"about":[{"href":"https:\/\/chazey.codeandcode.xyz\/pt-br\/wp-json\/wp\/v2\/types\/page"}],"author":[{"embeddable":true,"href":"https:\/\/chazey.codeandcode.xyz\/pt-br\/wp-json\/wp\/v2\/users\/1"}],"replies":[{"embeddable":true,"href":"https:\/\/chazey.codeandcode.xyz\/pt-br\/wp-json\/wp\/v2\/comments?post=3761"}],"version-history":[{"count":2,"href":"https:\/\/chazey.codeandcode.xyz\/pt-br\/wp-json\/wp\/v2\/pages\/3761\/revisions"}],"predecessor-version":[{"id":5018,"href":"https:\/\/chazey.codeandcode.xyz\/pt-br\/wp-json\/wp\/v2\/pages\/3761\/revisions\/5018"}],"wp:attachment":[{"href":"https:\/\/chazey.codeandcode.xyz\/pt-br\/wp-json\/wp\/v2\/media?parent=3761"}],"curies":[{"name":"wp","href":"https:\/\/api.w.org\/{rel}","templated":true}]}}